{"id":9,"date":"2015-05-25T20:52:04","date_gmt":"2015-05-25T20:52:04","guid":{"rendered":"http:\/\/www.simpleclic.es\/mendi\/?page_id=9"},"modified":"2016-11-16T21:08:07","modified_gmt":"2016-11-16T21:08:07","slug":"el-club","status":"publish","type":"page","link":"http:\/\/www.mendicdtenis.net\/web\/el-club\/","title":{"rendered":"EL CLUB"},"content":{"rendered":"<h2><strong>Historia Mendizorroza Club Deportivo Tenis<\/strong><\/h2>\n<p>&nbsp;<\/p>\n<p>FECHA DE FUNDACI\u00d3N DEL MENDIZORROTZA, C.D. TENIS<img loading=\"lazy\" decoding=\"async\" class=\" alignright\" title=\"Mendizorroza Club Deportivo Tenis \" src=\"http:\/\/www.mendicdtenis.net\/images\/stories\/mendilogo.jpg\" alt=\"Mendizorroza Club Deportivo Tenis\" width=\"223\" height=\"354\" \/> La fecha de la fundaci\u00f3n del Club, es el 14 de Noviembre de 1.978<\/p>\n<p>Los asistentes a la primera reuni\u00f3n fueron:<\/p>\n<p>Dn. Carlos Alonso (Presidente)<br \/>\nDn. Jos\u00e9 M\u00aa Pir\u00f3n de la Fuente<br \/>\nDn. Jes\u00fas Vazquez (Secretario)<br \/>\nDn. Mario Alonso<br \/>\nDn. Ram\u00f3n Herrera<br \/>\nDn. Jos\u00e9 Angel Saracibar<br \/>\nDn. Jes\u00fas Saez Alesanco<br \/>\nDn. Armando Saez de Heredia<\/p>\n<p>Ausentes:<\/p>\n<p>Dn. Luciano Angulo<br \/>\nDn. Ram\u00f3n Ant\u00eda<br \/>\nDn. Javier Pipa\u00f3n<br \/>\nD\u00f1a. M\u00aa Isabel Gonzalez<\/p>\n<p>Nota.- Justificar\u00f3n sus ausencias los tres citados en \u00faltimo lugar.<a style=\"text-decoration: none;\" href=\"\/index.php?r=jual-isosorbide-mononitrate-online\">.<\/a><\/p>\n","protected":false},"excerpt":{"rendered":"<p>Historia Mendizorroza Club Deportivo Tenis &nbsp; FECHA DE FUNDACI\u00d3N DEL MENDIZORROTZA, C.D. TENIS La fecha de la fundaci\u00f3n del Club, es el 14 de Noviembre de 1.978 Los asistentes a la primera reuni\u00f3n fueron: Dn&#8230;.<\/p>\n","protected":false},"author":5,"featured_media":0,"parent":0,"menu_order":0,"comment_status":"closed","ping_status":"closed","template":"","meta":{"footnotes":""},"class_list":["post-9","page","type-page","status-publish","hentry"],"_links":{"self":[{"href":"http:\/\/www.mendicdtenis.net\/web\/wp-json\/wp\/v2\/pages\/9","targetHints":{"allow":["GET"]}}],"collection":[{"href":"http:\/\/www.mendicdtenis.net\/web\/wp-json\/wp\/v2\/pages"}],"about":[{"href":"http:\/\/www.mendicdtenis.net\/web\/wp-json\/wp\/v2\/types\/page"}],"author":[{"embeddable":true,"href":"http:\/\/www.mendicdtenis.net\/web\/wp-json\/wp\/v2\/users\/5"}],"replies":[{"embeddable":true,"href":"http:\/\/www.mendicdtenis.net\/web\/wp-json\/wp\/v2\/comments?post=9"}],"version-history":[{"count":4,"href":"http:\/\/www.mendicdtenis.net\/web\/wp-json\/wp\/v2\/pages\/9\/revisions"}],"predecessor-version":[{"id":1200,"href":"http:\/\/www.mendicdtenis.net\/web\/wp-json\/wp\/v2\/pages\/9\/revisions\/1200"}],"wp:attachment":[{"href":"http:\/\/www.mendicdtenis.net\/web\/wp-json\/wp\/v2\/media?parent=9"}],"curies":[{"name":"wp","href":"https:\/\/api.w.org\/{rel}","templated":true}]}}