{"id":518,"date":"2015-07-02T21:53:02","date_gmt":"2015-07-02T21:53:02","guid":{"rendered":"http:\/\/www.simpleclic.es\/mendi\/?page_id=518"},"modified":"2024-08-25T09:44:29","modified_gmt":"2024-08-25T09:44:29","slug":"enlaces-de-interes","status":"publish","type":"page","link":"http:\/\/www.mendicdtenis.net\/web\/enlaces-de-interes\/","title":{"rendered":"ENLACES DE INTER\u00c9S"},"content":{"rendered":"<ul>\n<li class=\"r\"><a href=\"http:\/\/www.rfet.es\/\" target=\"_blank\" rel=\"noopener noreferrer\">Real Federaci\u00f3n Espa\u00f1ola de Tenis<\/a><\/li>\n<li class=\"r\"><a href=\"https:\/\/www.fvtenis.eus\/es\/\" target=\"_blank\" rel=\"noopener noreferrer\">Federaci\u00f3n Vasca de Tenis &#8211; Euskal Tenis Federazioa<\/a><\/li>\n<li class=\"r\"><a href=\"https:\/\/www.fbizkainatenis.eus\/\" target=\"_blank\" rel=\"noopener noreferrer\">Federaci\u00f3n Bizkaina de Tenis &#8211; Bizkaiko Tenis Federazioa<\/a><\/li>\n<li class=\"r\"><a href=\"http:\/\/www.pvitoriana.com\/\" target=\"_blank\" rel=\"noopener noreferrer\">Pe\u00f1a Vitoriana T.C.<\/a><\/li>\n<li class=\"r\"><a href=\"http:\/\/www.jolaseta.com\/\" target=\"_blank\" rel=\"noopener noreferrer\">Real Club de Jolaseta<\/a><\/li>\n<li><a href=\"https:\/\/fgipuzkoanatenis.es\/\">Federaci\u00f3n Gipuzkoana de Tenis &#8211; GIPUZKOAKO TENIS FEDERAZIOA<\/a><\/li>\n<\/ul>\n","protected":false},"excerpt":{"rendered":"<p>Real Federaci\u00f3n Espa\u00f1ola de Tenis Federaci\u00f3n Vasca de Tenis &#8211; Euskal Tenis Federazioa Federaci\u00f3n Bizkaina de Tenis &#8211; Bizkaiko Tenis Federazioa Pe\u00f1a Vitoriana T.C. Real Club de Jolaseta Federaci\u00f3n Gipuzkoana de Tenis &#8211; GIPUZKOAKO TENIS&#8230;<\/p>\n","protected":false},"author":5,"featured_media":0,"parent":0,"menu_order":0,"comment_status":"closed","ping_status":"closed","template":"","meta":{"footnotes":""},"class_list":["post-518","page","type-page","status-publish","hentry"],"_links":{"self":[{"href":"http:\/\/www.mendicdtenis.net\/web\/wp-json\/wp\/v2\/pages\/518","targetHints":{"allow":["GET"]}}],"collection":[{"href":"http:\/\/www.mendicdtenis.net\/web\/wp-json\/wp\/v2\/pages"}],"about":[{"href":"http:\/\/www.mendicdtenis.net\/web\/wp-json\/wp\/v2\/types\/page"}],"author":[{"embeddable":true,"href":"http:\/\/www.mendicdtenis.net\/web\/wp-json\/wp\/v2\/users\/5"}],"replies":[{"embeddable":true,"href":"http:\/\/www.mendicdtenis.net\/web\/wp-json\/wp\/v2\/comments?post=518"}],"version-history":[{"count":14,"href":"http:\/\/www.mendicdtenis.net\/web\/wp-json\/wp\/v2\/pages\/518\/revisions"}],"predecessor-version":[{"id":4194,"href":"http:\/\/www.mendicdtenis.net\/web\/wp-json\/wp\/v2\/pages\/518\/revisions\/4194"}],"wp:attachment":[{"href":"http:\/\/www.mendicdtenis.net\/web\/wp-json\/wp\/v2\/media?parent=518"}],"curies":[{"name":"wp","href":"https:\/\/api.w.org\/{rel}","templated":true}]}}