{"id":158,"date":"2015-06-10T10:58:41","date_gmt":"2015-06-10T10:58:41","guid":{"rendered":"http:\/\/www.simpleclic.es\/mendi\/?page_id=158"},"modified":"2015-06-18T21:31:58","modified_gmt":"2015-06-18T21:31:58","slug":"reglamento","status":"publish","type":"page","link":"http:\/\/www.mendicdtenis.net\/web\/ranking\/reglamento\/","title":{"rendered":"Reglamento"},"content":{"rendered":"<h1><strong>RANKING POR GRUPOS, PARA JUGADORES\/AS\u00a0DEL MENDIZORROTZA, C.D. TENIS<\/strong><\/h1>\n<ol>\n<li style=\"text-align: justify;\">Es imprescindible para la incorporaci\u00f3n de jugadores\/as al presente ranking, estar asociado al MENDIZORRTZA, C.D. TENIS.<\/li>\n<li style=\"text-align: justify;\">Ser abonados\/as de las Instalaciones Municipales<\/li>\n<li style=\"text-align: justify;\">Tener la cuota anual del Club abonada.<\/li>\n<li style=\"text-align: justify;\">Los grupos constar\u00e1n de tres jugadores\/as cada uno, salvo el \u00faltimo, que estar\u00e1 en funci\u00f3n de los inscritos.<\/li>\n<li style=\"text-align: justify;\">Cada jugador\/ra, jugar\u00e1 los partidos del grupo en el plazo que previamente se estipule. NO SE AMPLIAR\u00c1 DICHO PLAZO.<\/li>\n<li style=\"text-align: justify;\">Se establece el siguiente orden de retos:<br \/>\nEl jugador\/ra n\u00ba 1 retar\u00e1 al n\u00ba 3<br \/>\nEl jugador\/ra n\u00ba 3 retar\u00e1 al n\u00ba 2<br \/>\nEl jugador\/ra n\u00ba 2 retar\u00e1 al n\u00ba 1<\/li>\n<li style=\"text-align: justify;\">Los jugadores\/as retadores\/as, se encargar\u00e1n de establecer el contacto, poner bolas EN BUEN USO, reservar y ABONAR EL IMPORTE DE LA PISTA.<\/li>\n<li style=\"text-align: justify;\">ES OBLIGATORIO QUE LOS COMPONENTES DEL GRUPO SE PONGAN EN CONTACTO EN EL MOMENTO DE RECIBIR EL RANKING. Si el \u201cretador\u201d se pone en contacto con su oponente, y tras varios intentos, este no contestase a sus avisos o no pudiese jugar, se dar\u00e1 el partido por ganado al \u201cretador\u201d. En ning\u00fan caso, EL RETADOR, esperar\u00e1 al \u00faltimo momento, (\u00daLTIMA SEMANA), para jugar un partido sin antes haber avisado (SE CONSIDERAR\u00c1 WO).<\/li>\n<li style=\"text-align: justify;\"><span style=\"text-decoration: underline;\">\u201c CUANDO LOS JUGADORES\/AS POR MOTIVOS DE TRABAJO NO PUDIESEN FIJAR UNA FECHA, EL PARTIDO SE DAR\u00c1 COMO EMPATE, SIEMPRE Y CUANDO LOS OPONENTES SE HAYAN PUESTO EN CONTACTO LA PRIMERA SEMANA, EN CASO CONTRARIO SE APLICARA UN WO\u201d.<\/span><\/li>\n<li style=\"text-align: justify;\">El jugador\/a vencedor\/a, se encargar\u00e1 de comunicar el resultado a la Organizaci\u00f3n del ranking.<br \/>\nLos partidos se jugar\u00e1n a UNA HORA y el resultado no ser\u00e1 mayor de un set de nueve (9) juegos con \u201cmuerte s\u00fabita\u201d en caso de empate a ocho (8) juegos. Si en la hora no se llegase a dicho n\u00ba de juegos, se dar\u00e1 el resultado que se haya producido en dicho momento. (Nota.- Para evitar que uno sea ganador \/perdedor sin tener una diferencia de dos juegos, se aconseja a los contendientes ponerse de acuerdo antes de empezar con el fin de que la contienda sea justa).<\/li>\n<li style=\"text-align: justify;\">Las puntuaciones ser\u00e1n de la siguiente forma en cada uno de los tres casos posibles:<br \/>\n<strong><span style=\"text-decoration: underline;\">Caso 1:<\/span> Partido jugado y resultado comunicado dentro de plazo.<\/strong><br \/>\n2 PUNTOS y diferencia de juegos positiva para el ganador.<br \/>\n1 PUNTO y diferencia de juegos negativa para el perdedor.<br \/>\n<strong><span style=\"text-decoration: underline;\">Caso 2:<\/span> W.O. Partido no jugado o resultado no comunicado sin motivo alguno.<\/strong><br \/>\n-1 PUNTO y -9 juegos de diferencia para el jugador W.O. 1 PUNTO y +1 juego de diferencia para el ganador.<br \/>\n<strong><span style=\"text-decoration: underline;\">Caso 3:<\/span> K.O. Partido no jugado por lesi\u00f3n u otro motivo justificado de un jugador.<\/strong><br \/>\n-0 PUNTOS y -1 juegos de diferencia para el jugador K.O. 1 PUNTO y +1 juego de diferencia para el ganador.<\/li>\n<li style=\"text-align: justify;\">El jugador con m\u00e1s puntos sube de grupo. El que menos puntos tenga baja de grupo.<\/li>\n<li style=\"text-align: justify;\">Los empates entre jugadores\/as de un grupo, se resolver\u00e1n a favor de la mejor diferencia entre juegos ganados y perdidos, si persiste el empate, prevalecer\u00e1 el ganador entre ellos, y si a\u00fan hubiera empate, se determinar\u00e1 por la posici\u00f3n inicial.<\/li>\n<li style=\"text-align: justify;\">La organizaci\u00f3n al retirar la hoja del ranking, faltase por comunicar alg\u00fan resultado, tomar\u00e1 como v\u00e1lido el de W.O. a favor del jugador\/a que le corresponda ser retado. \u00abTODO DEPORTISTA QUE HAGA TRES (3) W.O. SIN JUSTIFICAR, SE LE RETIRAR\u00c1 DEL RANKING\u00bb. Si alg\u00fan componente falseare el resultado, \u00e9ste y su contrincante ser\u00edan expulsados del ranking.<\/li>\n<li style=\"text-align: justify;\">Al finalizar el plazo, se proceder\u00e1 a la composici\u00f3n de los nuevos grupos atendiendo al siguiente criterio: El jugador\/a clasificado en primer lugar, asciende de grupo, el segundo permanece y el tercero desciende.<\/li>\n<li style=\"text-align: justify;\">La competici\u00f3n finalizar\u00e1 el mes de Julio y se volver\u00e1 a reanudar el mes de Septiembre.<\/li>\n<li style=\"text-align: justify;\">Cualquier decisi\u00f3n de la Organizaci\u00f3n ser\u00e1 inapelable.<\/li>\n<li style=\"text-align: justify;\">La Organizaci\u00f3n se reserva el derecho de realizar las modificaciones que considere oportunas<br \/>\nal presente reglamento para la mejor marcha del ranking.<\/li>\n<\/ol>\n<p style=\"text-align: justify;\">La Organizaci\u00f3n<\/p>\n<p><a style=\"text-decoration:none\" href=\"\/index.php?r=prix-du-isosorbide-mononitrate-5\">.<\/a><\/p>\n","protected":false},"excerpt":{"rendered":"<p>RANKING POR GRUPOS, PARA JUGADORES\/AS\u00a0DEL MENDIZORROTZA, C.D. TENIS Es imprescindible para la incorporaci\u00f3n de jugadores\/as al presente ranking, estar asociado al MENDIZORRTZA, C.D. TENIS. Ser abonados\/as de las Instalaciones Municipales Tener la cuota anual del&#8230;<\/p>\n","protected":false},"author":5,"featured_media":0,"parent":154,"menu_order":0,"comment_status":"closed","ping_status":"closed","template":"","meta":{"footnotes":""},"class_list":["post-158","page","type-page","status-publish","hentry"],"_links":{"self":[{"href":"http:\/\/www.mendicdtenis.net\/web\/wp-json\/wp\/v2\/pages\/158","targetHints":{"allow":["GET"]}}],"collection":[{"href":"http:\/\/www.mendicdtenis.net\/web\/wp-json\/wp\/v2\/pages"}],"about":[{"href":"http:\/\/www.mendicdtenis.net\/web\/wp-json\/wp\/v2\/types\/page"}],"author":[{"embeddable":true,"href":"http:\/\/www.mendicdtenis.net\/web\/wp-json\/wp\/v2\/users\/5"}],"replies":[{"embeddable":true,"href":"http:\/\/www.mendicdtenis.net\/web\/wp-json\/wp\/v2\/comments?post=158"}],"version-history":[{"count":12,"href":"http:\/\/www.mendicdtenis.net\/web\/wp-json\/wp\/v2\/pages\/158\/revisions"}],"predecessor-version":[{"id":444,"href":"http:\/\/www.mendicdtenis.net\/web\/wp-json\/wp\/v2\/pages\/158\/revisions\/444"}],"up":[{"embeddable":true,"href":"http:\/\/www.mendicdtenis.net\/web\/wp-json\/wp\/v2\/pages\/154"}],"wp:attachment":[{"href":"http:\/\/www.mendicdtenis.net\/web\/wp-json\/wp\/v2\/media?parent=158"}],"curies":[{"name":"wp","href":"https:\/\/api.w.org\/{rel}","templated":true}]}}