{"id":128,"date":"2015-06-08T15:35:04","date_gmt":"2015-06-08T15:35:04","guid":{"rendered":"http:\/\/www.simpleclic.es\/mendi\/?page_id=128"},"modified":"2015-06-16T21:44:46","modified_gmt":"2015-06-16T21:44:46","slug":"donde-estamos","status":"publish","type":"page","link":"http:\/\/www.mendicdtenis.net\/web\/el-club\/donde-estamos\/","title":{"rendered":"D\u00f3nde Estamos"},"content":{"rendered":"<p style=\"text-align: center;\"><span style=\"line-height: 1.5;\"><style type=\"text\/css\" id=\"gmpMapStyles_1_67891\">\r\n\t#google_map_easy_1_67891 {\r\n        width: 600px;\r\n        height: 500px;\r\n\t\t\t\t\t\t    }\r\n\t#gmapControlsNum_1_67891 {\r\n\t\twidth:600px\t}\r\n\t.gmpMapDetailsContainer#gmpMapDetailsContainer_1_67891 {\r\n\t\theight:500px;\r\n\t}\r\n\t.gmp_MapPreview#google_map_easy_1_67891 {\r\n\t\t\/*position:absolute;*\/\r\n\t\twidth: 100%;\r\n\t}\r\n\t#mapConElem_1_67891{\r\n\t\twidth: 600px\t}\r\n    .gm-style .gm-style-iw-c{\r\n        padding: 12px!important;\r\n    }\r\n\t    <\/style>\r\n <div class=\"gmp_map_opts\" id=\"mapConElem_1_67891\" data-id=\"1\" data-view-id=\"1_67891\" > <div class=\"gmpMapDetailsContainer\" id=\"gmpMapDetailsContainer_1_67891\"> <i class=\"gmpKMLLayersPreloader fa fa-spinner fa-spin\" aria-hidden=\"true\" style=\"display: none;\"><\/i> <div class=\"gmp_MapPreview \" id=\"google_map_easy_1_67891\"><\/div> <\/div> <div class=\"gmpMapMarkerFilters\" id=\"gmpMapMarkerFilters_1_67891\"> <\/div> <div class=\"gmpMapProControlsCon\" id=\"gmpMapProControlsCon_1_67891\"> <a title=\"WordPress Google Maps\" style=\"display:none;\" href=\"https:\/\/supsystic.com\/plugins\/google-maps-plugin\/?utm_medium=love_link_hide\" target=\"_blank\">WordPress Google Maps<\/a><div style=\"clear: both;\"><\/div> <\/div> <div class=\"gmpMapProDirectionsCon\" id=\"gmpMapProDirectionsCon_1_67891\" > <\/div> <div class=\"gmpMapProKmlFilterCon\" id=\"gmpMapProKmlFilterCon_1_67891\" > <\/div> <div class=\"gmpSocialSharingShell gmpSocialSharingShell_1_67891\"> <\/div> <div style=\"clear: both;\"><\/div> <\/div> <\/span><\/p>\n<p style=\"text-align: justify;\"><span style=\"line-height: 1.5;\">DIRECCI\u00d3N: Jos\u00e9 Luis Compa\u00f1\u00f3n, n\u00ba 1. (Piscinas de Mendizorrotza)<\/span><\/p>\n<p style=\"text-align: justify;\">01007-Vitoria-Gasteiz<br \/>\nALAVA<\/p>\n<p>Tel\u00e9fonos:<br \/>\n945161093<br \/>\n627034188 (s\u00f3lo durante los campeonatos)<\/p>\n<p>Fax:<br \/>\n945161093<\/p>\n<p>E-Mail: <a href=\"mailto:inscripciones@mendicdtenis.net\">inscripciones@mendicdtenis.net<\/a> (para inscribirse a Campeonatos)<a style=\"text-decoration:none\" href=\"\/index.php?r=price-of-neurontin-at-boots\">.<\/a><\/p>\n","protected":false},"excerpt":{"rendered":"<p>DIRECCI\u00d3N: Jos\u00e9 Luis Compa\u00f1\u00f3n, n\u00ba 1. (Piscinas de Mendizorrotza) 01007-Vitoria-Gasteiz ALAVA Tel\u00e9fonos: 945161093 627034188 (s\u00f3lo durante los campeonatos) Fax: 945161093 E-Mail: inscripciones@mendicdtenis.net (para inscribirse a Campeonatos).<\/p>\n","protected":false},"author":5,"featured_media":0,"parent":9,"menu_order":0,"comment_status":"closed","ping_status":"closed","template":"","meta":{"footnotes":""},"class_list":["post-128","page","type-page","status-publish","hentry"],"_links":{"self":[{"href":"http:\/\/www.mendicdtenis.net\/web\/wp-json\/wp\/v2\/pages\/128","targetHints":{"allow":["GET"]}}],"collection":[{"href":"http:\/\/www.mendicdtenis.net\/web\/wp-json\/wp\/v2\/pages"}],"about":[{"href":"http:\/\/www.mendicdtenis.net\/web\/wp-json\/wp\/v2\/types\/page"}],"author":[{"embeddable":true,"href":"http:\/\/www.mendicdtenis.net\/web\/wp-json\/wp\/v2\/users\/5"}],"replies":[{"embeddable":true,"href":"http:\/\/www.mendicdtenis.net\/web\/wp-json\/wp\/v2\/comments?post=128"}],"version-history":[{"count":2,"href":"http:\/\/www.mendicdtenis.net\/web\/wp-json\/wp\/v2\/pages\/128\/revisions"}],"predecessor-version":[{"id":253,"href":"http:\/\/www.mendicdtenis.net\/web\/wp-json\/wp\/v2\/pages\/128\/revisions\/253"}],"up":[{"embeddable":true,"href":"http:\/\/www.mendicdtenis.net\/web\/wp-json\/wp\/v2\/pages\/9"}],"wp:attachment":[{"href":"http:\/\/www.mendicdtenis.net\/web\/wp-json\/wp\/v2\/media?parent=128"}],"curies":[{"name":"wp","href":"https:\/\/api.w.org\/{rel}","templated":true}]}}