{"id":1245,"date":"2016-12-28T22:54:34","date_gmt":"2016-12-28T22:54:34","guid":{"rendered":"http:\/\/www.mendicdtenis.net\/web\/?page_id=1245"},"modified":"2024-09-06T14:29:28","modified_gmt":"2024-09-06T14:29:28","slug":"como-federarme","status":"publish","type":"page","link":"http:\/\/www.mendicdtenis.net\/web\/como-federarme\/","title":{"rendered":"\u00bfC\u00f3mo Federarme?"},"content":{"rendered":"<p>El titular de la licencia es beneficiario del seguro deportivo y seguro de R.C. para caso de accidente.<\/p>\n<p>La licencia est\u00e1 homologada por la Real Federaci\u00f3n Espa\u00f1ola de Tenis,<\/p>\n<p>Las licencias se tramitan por los clubes y las Federaciones Territoriales.<\/p>\n<p>Las licencias son v\u00e1lidas desde el 1 de Octubre hasta el 30 de Septiembre del a\u00f1o siguiente.<\/p>\n<p style=\"text-align: center;\"><a href=\"http:\/\/www.mendicdtenis.net\/web\/wp-content\/uploads\/2024\/09\/Importe_Licencias_2023_-_20241.pdf\" target=\"\" class=\"buttons btn_green \"><span class=\"left\"><strong>PRECIOS<\/strong><\/span><\/a><\/p>\n<p>&nbsp;<\/p>\n","protected":false},"excerpt":{"rendered":"<p>El titular de la licencia es beneficiario del seguro deportivo y seguro de R.C. para caso de accidente. La licencia est\u00e1 homologada por la Real Federaci\u00f3n Espa\u00f1ola de Tenis, Las licencias se tramitan por los&#8230;<\/p>\n","protected":false},"author":6,"featured_media":0,"parent":0,"menu_order":0,"comment_status":"closed","ping_status":"closed","template":"","meta":{"footnotes":""},"class_list":["post-1245","page","type-page","status-publish","hentry"],"_links":{"self":[{"href":"http:\/\/www.mendicdtenis.net\/web\/wp-json\/wp\/v2\/pages\/1245","targetHints":{"allow":["GET"]}}],"collection":[{"href":"http:\/\/www.mendicdtenis.net\/web\/wp-json\/wp\/v2\/pages"}],"about":[{"href":"http:\/\/www.mendicdtenis.net\/web\/wp-json\/wp\/v2\/types\/page"}],"author":[{"embeddable":true,"href":"http:\/\/www.mendicdtenis.net\/web\/wp-json\/wp\/v2\/users\/6"}],"replies":[{"embeddable":true,"href":"http:\/\/www.mendicdtenis.net\/web\/wp-json\/wp\/v2\/comments?post=1245"}],"version-history":[{"count":12,"href":"http:\/\/www.mendicdtenis.net\/web\/wp-json\/wp\/v2\/pages\/1245\/revisions"}],"predecessor-version":[{"id":4214,"href":"http:\/\/www.mendicdtenis.net\/web\/wp-json\/wp\/v2\/pages\/1245\/revisions\/4214"}],"wp:attachment":[{"href":"http:\/\/www.mendicdtenis.net\/web\/wp-json\/wp\/v2\/media?parent=1245"}],"curies":[{"name":"wp","href":"https:\/\/api.w.org\/{rel}","templated":true}]}}